{"id":7483,"date":"2016-03-29T07:58:22","date_gmt":"2016-03-28T20:58:22","guid":{"rendered":"https:\/\/acinq.nc\/en\/mentions-legales\/"},"modified":"2025-05-06T15:44:42","modified_gmt":"2025-05-06T04:44:42","slug":"mentions-legales","status":"publish","type":"page","link":"https:\/\/acinq.nc\/en\/mentions-legales\/","title":{"rendered":"Mentions l\u00e9gales"},"content":{"rendered":"<p><strong>Mentions l\u00e9gales<\/strong><\/p>\n<p>Les mentions l\u00e9gales obligatoires concernant Acinq sont indiqu\u00e9es sur cette page conform\u00e9ment \u00e0 la loi pour la confiance dans l\u2019\u00e9conomie num\u00e9rique (LCEN) de juin 2004 et le R\u00e8glement G\u00e9n\u00e9ral \u00e0 la Protection des Donn\u00e9es (RGPD) du 23 mai 2018.<\/p>\n<ol>\n<li><strong> Identification de l\u2019\u00e9diteur<\/strong><\/li>\n<\/ol>\n<p>Acinq<br \/>\nAdresse de l&#8217;entreprise ou du si\u00e8ge : <b>22 rue Auer \u00e0 Ducos<\/b><br \/>\nNum\u00e9ro de t\u00e9l\u00e9phone : 25 25 04<br \/>\nAdresse email : <a href=\"mailto:contact@acinq.nc\">contact@acinq.nc<\/a><br \/>\nSARL ACINQ.<\/p>\n<p>Ridet : 464221<\/p>\n<p>Directeur de la Publication :<br \/>\nAu sens de l\u2019article 93-2 de la loi n\u00b0 82-652 du 29 juillet 1982.<\/p>\n<ol start=\"2\">\n<li><strong> Prestataire d&#8217;h\u00e9bergement<\/strong><\/li>\n<\/ol>\n<p>Ce site Web https:\/\/acinq.nc\/ est h\u00e9berg\u00e9 par : https:\/\/contact.nc\/<\/p>\n<p>&nbsp;<\/p>\n<ol start=\"3\">\n<li><strong> Cr\u00e9ateur du site web<\/strong><\/li>\n<\/ol>\n<p>Ce site Web https:\/\/acinq.nc\/ a \u00e9t\u00e9 cr\u00e9\u00e9 par : https:\/\/contact.nc\/<\/p>\n<p>&nbsp;<\/p>\n<ol start=\"4\">\n<li><strong>4<\/strong><strong>. Conditions g\u00e9n\u00e9rales d\u2019utilisation du site Web et des services propos\u00e9s.<\/strong><\/li>\n<\/ol>\n<p>L\u2019utilisation du site Web https:\/\/acinq.nc\/\u00a0implique l\u2019acceptation pleine et enti\u00e8re des conditions g\u00e9n\u00e9rales d\u2019utilisation ci-apr\u00e8s d\u00e9crites. Ces conditions d\u2019utilisation sont susceptibles d\u2019\u00eatre modifi\u00e9es ou compl\u00e9t\u00e9es \u00e0 tout moment.<\/p>\n<p>&nbsp;<\/p>\n<p>Ce site Web https:\/\/acinq.nc\/ est normalement accessible \u00e0 tout moment aux utilisateurs. Une interruption pour raison de maintenance technique peut \u00eatre toutefois d\u00e9cid\u00e9e par l&#8217;\u00e9quipe de Acinq, qui s\u2019efforcera alors de communiquer pr\u00e9alablement aux utilisateurs les dates et heures de l\u2019intervention.<\/p>\n<p>Le site Web https:\/\/acinq.nc\/\u00a0est mis \u00e0 jour r\u00e9guli\u00e8rement par son \u00e9quipe. De la m\u00eame fa\u00e7on, les mentions l\u00e9gales peuvent \u00eatre modifi\u00e9es \u00e0 tout moment : elles s\u2019imposent n\u00e9anmoins \u00e0 l\u2019utilisateur qui est invit\u00e9 \u00e0 s\u2019y r\u00e9f\u00e9rer le plus souvent possible afin d\u2019en prendre connaissance.<\/p>\n<p>&nbsp;<\/p>\n<p>Le site Web https:\/\/acinq.nc\/ contient un certain nombre de liens hypertextes vers d\u2019autres sites, mis en place avec l\u2019autorisation de la direction. Cependant, Acinq n\u2019a pas la possibilit\u00e9 de v\u00e9rifier le contenu des sites ainsi visit\u00e9s, et n\u2019assumera en cons\u00e9quence aucune responsabilit\u00e9 de ce fait.<\/p>\n<p>Les utilisateurs du site Web https:\/\/acinq.nc\/ ne peuvent mettre en place un hyperlien en direction de ce site sans l\u2019autorisation expresse et pr\u00e9alable de Acinq.<\/p>\n<p><em>Acinq <\/em>se r\u00e9serve le droit d\u2019accepter ou de refuser un hyperlien sans avoir \u00e0 en justifier sa d\u00e9cision.<\/p>\n<p>&nbsp;<\/p>\n<p>La navigation sur le site Web est susceptible de provoquer l\u2019installation de cookie(s) sur l\u2019ordinateur de l\u2019utilisateur. Un cookie est un fichier de petite taille, qui ne permet pas l\u2019identification de l\u2019utilisateur, mais qui enregistre des informations relatives \u00e0 la navigation d\u2019un ordinateur sur un site. Les donn\u00e9es ainsi obtenues visent \u00e0 faciliter la navigation ult\u00e9rieure sur le site, et ont \u00e9galement vocation \u00e0 permettre diverses mesures de fr\u00e9quentation.<br \/>\nLe refus d\u2019installation d\u2019un cookie peut entra\u00eener l\u2019impossibilit\u00e9 d\u2019acc\u00e9der \u00e0 certains services.<\/p>\n<p>&nbsp;<\/p>\n<ol start=\"5\">\n<li><strong>5<\/strong><strong>. Description des services fournis.<\/strong><\/li>\n<\/ol>\n<p>Le site Web https:\/\/acinq.nc\/ a pour objet de fournir une information concernant l\u2019ensemble des activit\u00e9s de la soci\u00e9t\u00e9. Acinq s\u2019efforce de fournir sur son site Web https:\/\/acinq.nc\/ des informations aussi pr\u00e9cises que possible. Toutefois, il ne pourra \u00eatre tenue responsable des omissions, des inexactitudes et des carences dans la mise \u00e0 jour, qu\u2019elles soient de son fait ou du fait des tiers partenaires qui lui fournissent ces informations.<\/p>\n<p>Toutes les informations indiqu\u00e9es sur le site Web https:\/\/acinq.nc\/ sont donn\u00e9es \u00e0 titre indicatif, et sont susceptibles d\u2019\u00e9voluer. Par ailleurs, les renseignements figurant sur le site Web https:\/\/acinq.nc\/\u00a0ne sont pas exhaustifs. Ils sont donn\u00e9s sous r\u00e9serve de modifications ayant \u00e9t\u00e9 apport\u00e9es depuis leur mise en ligne.<\/p>\n<ol start=\"6\">\n<li><strong>6<\/strong><strong>. Limitations contractuelles sur les donn\u00e9es techniques.<\/strong><\/li>\n<\/ol>\n<p>Le site Web https:\/\/acinq.nc\/ utilise WordPress.<\/p>\n<p>Le site Web https:\/\/acinq.nc\/ ne pourra \u00eatre tenu responsable de dommages mat\u00e9riels li\u00e9s \u00e0 l\u2019utilisation du site. De plus, l\u2019utilisateur du site Web s\u2019engage \u00e0 acc\u00e9der au site Web https:\/\/acinq.nc\/ en utilisant un mat\u00e9riel r\u00e9cent, ne contenant pas de virus et avec un navigateur de derni\u00e8re g\u00e9n\u00e9ration mis-\u00e0-jour.<\/p>\n<ol start=\"7\">\n<li><strong>7<\/strong><strong>. Propri\u00e9t\u00e9 intellectuelle et contrefa\u00e7ons.<\/strong><\/li>\n<\/ol>\n<p><em>Acinq<\/em>\u00a0est propri\u00e9taire des droits de propri\u00e9t\u00e9 intellectuelle ou d\u00e9tient les droits d\u2019usage sur tous les \u00e9l\u00e9ments accessibles sur le site, notamment les textes, images, graphismes, logo, ic\u00f4nes, sons, logiciels.<\/p>\n<p>Toute reproduction, repr\u00e9sentation, modification, publication, adaptation de tout ou partie des \u00e9l\u00e9ments du site, quel que soit le moyen ou le proc\u00e9d\u00e9 utilis\u00e9, est interdite, sauf autorisation \u00e9crite pr\u00e9alable de : La direction.<\/p>\n<p>Toute exploitation non autoris\u00e9e du site Web https:\/\/acinq.nc\/\u00a0ou de l\u2019un quelconque des \u00e9l\u00e9ments qu\u2019il contient sera consid\u00e9r\u00e9e comme constitutive d\u2019une contrefa\u00e7on et poursuivie conform\u00e9ment aux dispositions des articles L.335-2 et suivants du Code de Propri\u00e9t\u00e9 Intellectuelle.<\/p>\n<ol start=\"8\">\n<li><strong>8<\/strong><strong>. Limitations de responsabilit\u00e9.<\/strong><\/li>\n<\/ol>\n<p><em>Acinq<\/em> ne pourra \u00eatre tenue responsable des dommages directs et indirects caus\u00e9s au mat\u00e9riel de l\u2019utilisateur, lors de l\u2019acc\u00e8s au site Web https:\/\/acinq.nc\/, et r\u00e9sultant soit de l\u2019utilisation d\u2019un mat\u00e9riel ne r\u00e9pondant pas aux sp\u00e9cifications indiqu\u00e9es au point 4, soit de l\u2019apparition d\u2019un bug ou d\u2019une incompatibilit\u00e9.<\/p>\n<p><em>Acinq<\/em> ne pourra \u00e9galement \u00eatre tenue responsable des dommages indirects (tels par exemple qu\u2019une perte de march\u00e9 ou perte d\u2019une chance) cons\u00e9cutifs \u00e0 l\u2019utilisation du site.<\/p>\n<p>Des espaces interactifs (possibilit\u00e9 de poser des questions dans l\u2019espace contact) sont \u00e0 la disposition des utilisateurs.<\/p>\n<p><em>Acinq<\/em> se r\u00e9serve le droit de supprimer, sans mise en demeure pr\u00e9alable, tout contenu d\u00e9pos\u00e9 dans cet espace qui contreviendrait \u00e0 la l\u00e9gislation applicable en France, en particulier aux dispositions relatives \u00e0 la protection des donn\u00e9es. Le cas \u00e9ch\u00e9ant, <i>Acinq<\/i>\u00a0se r\u00e9serve \u00e9galement la possibilit\u00e9 de mettre en cause la responsabilit\u00e9 civile et\/ou p\u00e9nale de l\u2019utilisateur, notamment en cas de message \u00e0 caract\u00e8re raciste, injurieux, diffamant, ou pornographique, quel que soit le support utilis\u00e9 (texte, photographie\u2026).<\/p>\n<ol start=\"9\">\n<li><strong>9<\/strong><strong>. Droit applicable et attribution de juridiction.<\/strong><\/li>\n<\/ol>\n<p>Tout litige en relation avec l\u2019utilisation du site Web https:\/\/acinq.nc\/\u00a0est soumis au droit fran\u00e7ais. Il est fait attribution exclusive des tribunaux de Noum\u00e9a en cas de litige.<\/p>\n<p>La langue de r\u00e9f\u00e9rence, pour le r\u00e8glement de contentieux \u00e9ventuels, est le fran\u00e7ais.<\/p>\n<ol start=\"10\">\n<li><strong> Les principales lois concern\u00e9es.<\/strong><\/li>\n<\/ol>\n<p>Loi n\u00b0 78-87 du 6 janvier 1978, notamment modifi\u00e9e par la loi n\u00b0 2004-801 du 6 ao\u00fbt 2004 relative \u00e0 l\u2019informatique, aux fichiers et aux libert\u00e9s.<br \/>\nLoi n\u00b0 2004-575 du 21 juin 2004 pour la confiance dans l\u2019\u00e9conomie num\u00e9rique.<br \/>\nLoi n\u00b02018-493 du 20 juin 2018 relative \u00e0 la protection des donn\u00e9es personnelles dite RGPD.<\/p>\n","protected":false},"excerpt":{"rendered":"<p>Mentions l\u00e9gales Les mentions l\u00e9gales obligatoires concernant Acinq sont indiqu\u00e9es sur cette page conform\u00e9ment \u00e0 la loi pour la confiance dans l\u2019\u00e9conomie num\u00e9rique (LCEN) de juin 2004 et le R\u00e8glement G\u00e9n\u00e9ral \u00e0 la Protection des Donn\u00e9es (RGPD) du 23 mai 2018. Identification de l\u2019\u00e9diteur Acinq Adresse de l&#8217;entreprise ou du si\u00e8ge : 22 rue Auer [&hellip;]<\/p>\n","protected":false},"author":1,"featured_media":0,"parent":0,"menu_order":0,"comment_status":"closed","ping_status":"closed","template":"templates\/mention.php","meta":{"footnotes":""},"yoast_head":"<!-- This site is optimized with the Yoast SEO plugin v21.7 - https:\/\/yoast.com\/wordpress\/plugins\/seo\/ -->\n<title>Mentions l\u00e9gales - A5<\/title>\n<meta name=\"description\" content=\"R\u00e9servez une voiture directement en ligne avec A5 location. Un large choix de v\u00e9hicule \u00e0 votre disposition pour vos d\u00e9placements en Nouvelle-Cal\u00e9donie Acinq\" \/>\n<meta name=\"robots\" content=\"index, follow, max-snippet:-1, max-image-preview:large, max-video-preview:-1\" \/>\n<link rel=\"canonical\" href=\"https:\/\/acinq.nc\/en\/mentions-legales\/\" \/>\n<meta name=\"twitter:label1\" content=\"Est. reading time\" \/>\n\t<meta name=\"twitter:data1\" content=\"6 minutes\" \/>\n<script type=\"application\/ld+json\" class=\"yoast-schema-graph\">{\"@context\":\"https:\/\/schema.org\",\"@graph\":[{\"@type\":\"WebPage\",\"@id\":\"https:\/\/acinq.nc\/en\/mentions-legales\/\",\"url\":\"https:\/\/acinq.nc\/en\/mentions-legales\/\",\"name\":\"Mentions l\u00e9gales - A5\",\"isPartOf\":{\"@id\":\"https:\/\/acinq.nc\/#website\"},\"datePublished\":\"2016-03-28T20:58:22+00:00\",\"dateModified\":\"2025-05-06T04:44:42+00:00\",\"description\":\"R\u00e9servez une voiture directement en ligne avec A5 location. Un large choix de v\u00e9hicule \u00e0 votre disposition pour vos d\u00e9placements en Nouvelle-Cal\u00e9donie Acinq\",\"breadcrumb\":{\"@id\":\"https:\/\/acinq.nc\/en\/mentions-legales\/#breadcrumb\"},\"inLanguage\":\"en-US\",\"potentialAction\":[{\"@type\":\"ReadAction\",\"target\":[\"https:\/\/acinq.nc\/en\/mentions-legales\/\"]}]},{\"@type\":\"BreadcrumbList\",\"@id\":\"https:\/\/acinq.nc\/en\/mentions-legales\/#breadcrumb\",\"itemListElement\":[{\"@type\":\"ListItem\",\"position\":1,\"name\":\"Accueil\",\"item\":\"https:\/\/acinq.nc\/en\/\"},{\"@type\":\"ListItem\",\"position\":2,\"name\":\"Mentions l\u00e9gales\"}]},{\"@type\":\"WebSite\",\"@id\":\"https:\/\/acinq.nc\/#website\",\"url\":\"https:\/\/acinq.nc\/\",\"name\":\"A5\",\"description\":\"Car rental in New Caledonia\",\"publisher\":{\"@id\":\"https:\/\/acinq.nc\/#organization\"},\"potentialAction\":[{\"@type\":\"SearchAction\",\"target\":{\"@type\":\"EntryPoint\",\"urlTemplate\":\"https:\/\/acinq.nc\/?s={search_term_string}\"},\"query-input\":\"required name=search_term_string\"}],\"inLanguage\":\"en-US\"},{\"@type\":\"Organization\",\"@id\":\"https:\/\/acinq.nc\/#organization\",\"name\":\"Acinq Location de voitures en Nouvelle-Cal\u00e9donie\",\"url\":\"https:\/\/acinq.nc\/\",\"logo\":{\"@type\":\"ImageObject\",\"inLanguage\":\"en-US\",\"@id\":\"https:\/\/acinq.nc\/#\/schema\/logo\/image\/\",\"url\":\"https:\/\/acinq.nc\/wp-content\/uploads\/2015\/07\/logo-A5@2x.png\",\"contentUrl\":\"https:\/\/acinq.nc\/wp-content\/uploads\/2015\/07\/logo-A5@2x.png\",\"width\":296,\"height\":154,\"caption\":\"Acinq Location de voitures en Nouvelle-Cal\u00e9donie\"},\"image\":{\"@id\":\"https:\/\/acinq.nc\/#\/schema\/logo\/image\/\"},\"sameAs\":[\"https:\/\/www.facebook.com\/A5location\/\"]}]}<\/script>\n<!-- \/ Yoast SEO plugin. -->","yoast_head_json":{"title":"Mentions l\u00e9gales - A5","description":"R\u00e9servez une voiture directement en ligne avec A5 location. Un large choix de v\u00e9hicule \u00e0 votre disposition pour vos d\u00e9placements en Nouvelle-Cal\u00e9donie Acinq","robots":{"index":"index","follow":"follow","max-snippet":"max-snippet:-1","max-image-preview":"max-image-preview:large","max-video-preview":"max-video-preview:-1"},"canonical":"https:\/\/acinq.nc\/en\/mentions-legales\/","twitter_misc":{"Est. reading time":"6 minutes"},"schema":{"@context":"https:\/\/schema.org","@graph":[{"@type":"WebPage","@id":"https:\/\/acinq.nc\/en\/mentions-legales\/","url":"https:\/\/acinq.nc\/en\/mentions-legales\/","name":"Mentions l\u00e9gales - A5","isPartOf":{"@id":"https:\/\/acinq.nc\/#website"},"datePublished":"2016-03-28T20:58:22+00:00","dateModified":"2025-05-06T04:44:42+00:00","description":"R\u00e9servez une voiture directement en ligne avec A5 location. Un large choix de v\u00e9hicule \u00e0 votre disposition pour vos d\u00e9placements en Nouvelle-Cal\u00e9donie Acinq","breadcrumb":{"@id":"https:\/\/acinq.nc\/en\/mentions-legales\/#breadcrumb"},"inLanguage":"en-US","potentialAction":[{"@type":"ReadAction","target":["https:\/\/acinq.nc\/en\/mentions-legales\/"]}]},{"@type":"BreadcrumbList","@id":"https:\/\/acinq.nc\/en\/mentions-legales\/#breadcrumb","itemListElement":[{"@type":"ListItem","position":1,"name":"Accueil","item":"https:\/\/acinq.nc\/en\/"},{"@type":"ListItem","position":2,"name":"Mentions l\u00e9gales"}]},{"@type":"WebSite","@id":"https:\/\/acinq.nc\/#website","url":"https:\/\/acinq.nc\/","name":"A5","description":"Car rental in New Caledonia","publisher":{"@id":"https:\/\/acinq.nc\/#organization"},"potentialAction":[{"@type":"SearchAction","target":{"@type":"EntryPoint","urlTemplate":"https:\/\/acinq.nc\/?s={search_term_string}"},"query-input":"required name=search_term_string"}],"inLanguage":"en-US"},{"@type":"Organization","@id":"https:\/\/acinq.nc\/#organization","name":"Acinq Location de voitures en Nouvelle-Cal\u00e9donie","url":"https:\/\/acinq.nc\/","logo":{"@type":"ImageObject","inLanguage":"en-US","@id":"https:\/\/acinq.nc\/#\/schema\/logo\/image\/","url":"https:\/\/acinq.nc\/wp-content\/uploads\/2015\/07\/logo-A5@2x.png","contentUrl":"https:\/\/acinq.nc\/wp-content\/uploads\/2015\/07\/logo-A5@2x.png","width":296,"height":154,"caption":"Acinq Location de voitures en Nouvelle-Cal\u00e9donie"},"image":{"@id":"https:\/\/acinq.nc\/#\/schema\/logo\/image\/"},"sameAs":["https:\/\/www.facebook.com\/A5location\/"]}]}},"_links":{"self":[{"href":"https:\/\/acinq.nc\/en\/wp-json\/wp\/v2\/pages\/7483"}],"collection":[{"href":"https:\/\/acinq.nc\/en\/wp-json\/wp\/v2\/pages"}],"about":[{"href":"https:\/\/acinq.nc\/en\/wp-json\/wp\/v2\/types\/page"}],"author":[{"embeddable":true,"href":"https:\/\/acinq.nc\/en\/wp-json\/wp\/v2\/users\/1"}],"replies":[{"embeddable":true,"href":"https:\/\/acinq.nc\/en\/wp-json\/wp\/v2\/comments?post=7483"}],"version-history":[{"count":1,"href":"https:\/\/acinq.nc\/en\/wp-json\/wp\/v2\/pages\/7483\/revisions"}],"predecessor-version":[{"id":18553,"href":"https:\/\/acinq.nc\/en\/wp-json\/wp\/v2\/pages\/7483\/revisions\/18553"}],"wp:attachment":[{"href":"https:\/\/acinq.nc\/en\/wp-json\/wp\/v2\/media?parent=7483"}],"curies":[{"name":"wp","href":"https:\/\/api.w.org\/{rel}","templated":true}]}}